{"id":5,"date":"2016-11-08T20:33:27","date_gmt":"2016-11-08T19:33:27","guid":{"rendered":"http:\/\/www.weihnachtsbaum-schwarz.de\/cms\/?page_id=5"},"modified":"2025-11-13T19:39:16","modified_gmt":"2025-11-13T18:39:16","slug":"willkommen","status":"publish","type":"page","link":"https:\/\/www.weihnachtsbaum-schwarz.de\/","title":{"rendered":"Willkommen"},"content":{"rendered":"\n<p class=\"wp-block-paragraph\"><\/p>\n\n\n\n<div class=\"wp-block-columns is-layout-flex wp-container-core-columns-is-layout-8f761849 wp-block-columns-is-layout-flex\">\n<div class=\"wp-block-column is-layout-flow wp-block-column-is-layout-flow\" style=\"flex-basis:100%\">\n<div class=\"wp-block-columns is-layout-flex wp-container-core-columns-is-layout-8f761849 wp-block-columns-is-layout-flex\">\n<div class=\"wp-block-column is-layout-flow wp-block-column-is-layout-flow\"><\/div>\n\n\n\n<div class=\"wp-block-column is-layout-flow wp-block-column-is-layout-flow\"><\/div>\n\n\n\n<div class=\"wp-block-column is-layout-flow wp-block-column-is-layout-flow\"><\/div>\n<\/div>\n\n\n\n<div class=\"wp-block-columns is-layout-flex wp-container-core-columns-is-layout-8f761849 wp-block-columns-is-layout-flex\">\n<div class=\"wp-block-column is-layout-flow wp-block-column-is-layout-flow\"><\/div>\n\n\n\n<div class=\"wp-block-column is-layout-flow wp-block-column-is-layout-flow\">\n<figure class=\"wp-block-image size-large\"><img loading=\"lazy\" decoding=\"async\" width=\"719\" height=\"1024\" src=\"http:\/\/www.weihnachtsbaum-schwarz.de\/wp-content\/uploads\/2025\/11\/Gluehweinfestle-2025-719x1024.jpg\" alt=\"\" class=\"wp-image-257\" srcset=\"https:\/\/www.weihnachtsbaum-schwarz.de\/wp-content\/uploads\/2025\/11\/Gluehweinfestle-2025-719x1024.jpg 719w, https:\/\/www.weihnachtsbaum-schwarz.de\/wp-content\/uploads\/2025\/11\/Gluehweinfestle-2025-211x300.jpg 211w, https:\/\/www.weihnachtsbaum-schwarz.de\/wp-content\/uploads\/2025\/11\/Gluehweinfestle-2025-768x1094.jpg 768w, https:\/\/www.weihnachtsbaum-schwarz.de\/wp-content\/uploads\/2025\/11\/Gluehweinfestle-2025-1079x1536.jpg 1079w, https:\/\/www.weihnachtsbaum-schwarz.de\/wp-content\/uploads\/2025\/11\/Gluehweinfestle-2025-665x947.jpg 665w, https:\/\/www.weihnachtsbaum-schwarz.de\/wp-content\/uploads\/2025\/11\/Gluehweinfestle-2025-183x260.jpg 183w, https:\/\/www.weihnachtsbaum-schwarz.de\/wp-content\/uploads\/2025\/11\/Gluehweinfestle-2025.jpg 1208w\" sizes=\"auto, (max-width: 719px) 100vw, 719px\" \/><\/figure>\n<\/div>\n\n\n\n<div class=\"wp-block-column is-layout-flow wp-block-column-is-layout-flow\"><\/div>\n<\/div>\n<\/div>\n<\/div>\n\n\n\n<figure class=\"wp-block-video aligncenter\"><video height=\"352\" style=\"aspect-ratio: 640 \/ 352;\" width=\"640\" controls src=\"http:\/\/www.weihnachtsbaum-schwarz.de\/wp-content\/uploads\/2020\/10\/Weihnachtsbaum_Schwarz_Imagefilm.mp4\"><\/video><\/figure>\n\n\n\n<p class=\"has-text-align-center has-medium-font-size wp-block-paragraph\"><strong>Herzlich Willkommen auf dem Bauernhof der Familie Schwarz!<\/strong><\/p>\n\n\n\n<p class=\"has-text-align-center wp-block-paragraph\">Auf unserem kleinen landwirtschaftlichen Betrieb werden haupts\u00e4chlich Schweine gehalten. Au\u00dferdem haben wir noch eine kleine Schafherde und zwei Pferde. Auf den Feldern bauen wir Getreide und Mais als Futter f\u00fcr unsere Schweine an.<\/p>\n\n\n\n<p class=\"has-text-align-center wp-block-paragraph\">Im Winter verwandelt sich unser Hof in einen kleinen Wald aus Weihnachtsb\u00e4umen.<\/p>\n\n\n\n<p class=\"has-text-align-center wp-block-paragraph\">Wir w\u00fcrden uns sehr freuen, wenn wir Sie auf unserem Hof begr\u00fc\u00dfen und mit Ihnen ein wenig weihnachtliche Stimmung genie\u00dfen d\u00fcrften.<\/p>\n\n\n\n<figure class=\"wp-block-gallery has-nested-images columns-default is-cropped wp-block-gallery-1 is-layout-flex wp-block-gallery-is-layout-flex\">\n<figure class=\"wp-block-image size-full\"><img loading=\"lazy\" decoding=\"async\" width=\"1024\" height=\"511\" data-id=\"252\" src=\"http:\/\/www.weihnachtsbaum-schwarz.de\/wp-content\/uploads\/2025\/11\/Banner2025-1024x511-1.png\" alt=\"\" class=\"wp-image-252\" srcset=\"https:\/\/www.weihnachtsbaum-schwarz.de\/wp-content\/uploads\/2025\/11\/Banner2025-1024x511-1.png 1024w, https:\/\/www.weihnachtsbaum-schwarz.de\/wp-content\/uploads\/2025\/11\/Banner2025-1024x511-1-300x150.png 300w, https:\/\/www.weihnachtsbaum-schwarz.de\/wp-content\/uploads\/2025\/11\/Banner2025-1024x511-1-768x383.png 768w, https:\/\/www.weihnachtsbaum-schwarz.de\/wp-content\/uploads\/2025\/11\/Banner2025-1024x511-1-665x332.png 665w, https:\/\/www.weihnachtsbaum-schwarz.de\/wp-content\/uploads\/2025\/11\/Banner2025-1024x511-1-521x260.png 521w\" sizes=\"auto, (max-width: 1024px) 100vw, 1024px\" \/><\/figure>\n<\/figure>\n\n\n\n<p class=\"has-text-align-center wp-block-paragraph\"><strong>Anfahrt:<\/strong><\/p>\n\n\n\n<iframe src=\"https:\/\/www.google.com\/maps\/embed?pb=!1m18!1m12!1m3!1d2627.0962630281406!2d9.699953315763917!3d48.81822471148783!2m3!1f0!2f0!3f0!3m2!1i1024!2i768!4f13.1!3m3!1m2!1s0x4799af37114ae483%3A0xdc692d170fd3fa82!2sBruck%202%2C%2073547%20Lorch!5e0!3m2!1sde!2sde!4v1671540902638!5m2!1sde!2sde\" width=\"600\" height=\"450\" style=\"border:0;\" allowfullscreen=\"\" loading=\"lazy\" referrerpolicy=\"no-referrer-when-downgrade\"><\/iframe>\n\n\n\n<p class=\"has-text-align-center wp-block-paragraph\"><br><strong>Selbst aussuchen &amp; Selbst s\u00e4gen<\/strong> !<\/p>\n\n\n\n<p class=\"has-text-align-center wp-block-paragraph\">Dieses Jahr starten wir zum f\u00fcnften Mal eine Aktion f\u00fcr alle, die einmal selbst zur S\u00e4ge greifen wollen. Damit sich die M\u00fche dann auch lohnt und um die ganze Sache etwas abzurunden gibt es nat\u00fcrlich auch Gl\u00fchwein und Kinderpunsch. Wem der Weg zu unserem Hof nicht zu weit ist,  der kann sich dort auch anschlie\u00dfend mit einem Salzkuchen oder einer Grillwurst belohnen.<\/p>\n\n\n\n<p class=\"has-text-align-center wp-block-paragraph\">Das &#8222;Selbers\u00e4gen&#8220; findet am <strong>13. + 14. \/ 20. + 21. Dezember 2025<\/strong><\/p>\n\n\n\n<p class=\"has-text-align-center wp-block-paragraph\"> von <strong>10 &#8211; 16 <\/strong>Uhr bei jedem Wetter statt.<\/p>\n\n\n\n<p class=\"has-text-align-center wp-block-paragraph\"><strong>WICHTIG:<\/strong><\/p>\n\n\n\n<p class=\"has-text-align-center wp-block-paragraph\">&#8211; S\u00e4gen liegen bereit<\/p>\n\n\n\n<p class=\"has-text-align-center wp-block-paragraph\">&#8211; Wetterfeste Kleidung (Die B\u00e4ume sind meist nass, d.h. einmal vorbei streifen = nasse Hose!)<\/p>\n\n\n\n<p class=\"has-text-align-center wp-block-paragraph\">&#8211; Festes Schuhwerk bzw. Gummistiefel<\/p>\n\n\n\n<p class=\"has-text-align-center wp-block-paragraph\">&#8211; Die B\u00e4ume werden nach Gr\u00f6\u00dfe und Qualit\u00e4t abgerechnet<\/p>\n\n\n\n<p class=\"has-text-align-center wp-block-paragraph\">&#8211; Wir \u00fcbernehmen keine Haftung f\u00fcr Unf\u00e4lle<\/p>\n","protected":false},"excerpt":{"rendered":"<p>Herzlich Willkommen auf dem Bauernhof der Familie Schwarz! Auf unserem kleinen landwirtschaftlichen Betrieb werden haupts\u00e4chlich Schweine gehalten. Au\u00dferdem haben wir noch eine kleine Schafherde und zwei Pferde. Auf den Feldern bauen wir Getreide und Mais als Futter f\u00fcr unsere Schweine an. Im Winter verwandelt sich unser Hof in einen kleinen Wald aus Weihnachtsb\u00e4umen. Wir w\u00fcrden [&hellip;]<\/p>\n","protected":false},"author":1,"featured_media":0,"parent":0,"menu_order":0,"comment_status":"closed","ping_status":"closed","template":"","meta":{"_crdt_document":"","footnotes":""},"class_list":["post-5","page","type-page","status-publish","hentry"],"_links":{"self":[{"href":"https:\/\/www.weihnachtsbaum-schwarz.de\/index.php\/wp-json\/wp\/v2\/pages\/5","targetHints":{"allow":["GET"]}}],"collection":[{"href":"https:\/\/www.weihnachtsbaum-schwarz.de\/index.php\/wp-json\/wp\/v2\/pages"}],"about":[{"href":"https:\/\/www.weihnachtsbaum-schwarz.de\/index.php\/wp-json\/wp\/v2\/types\/page"}],"author":[{"embeddable":true,"href":"https:\/\/www.weihnachtsbaum-schwarz.de\/index.php\/wp-json\/wp\/v2\/users\/1"}],"replies":[{"embeddable":true,"href":"https:\/\/www.weihnachtsbaum-schwarz.de\/index.php\/wp-json\/wp\/v2\/comments?post=5"}],"version-history":[{"count":5,"href":"https:\/\/www.weihnachtsbaum-schwarz.de\/index.php\/wp-json\/wp\/v2\/pages\/5\/revisions"}],"predecessor-version":[{"id":258,"href":"https:\/\/www.weihnachtsbaum-schwarz.de\/index.php\/wp-json\/wp\/v2\/pages\/5\/revisions\/258"}],"wp:attachment":[{"href":"https:\/\/www.weihnachtsbaum-schwarz.de\/index.php\/wp-json\/wp\/v2\/media?parent=5"}],"curies":[{"name":"wp","href":"https:\/\/api.w.org\/{rel}","templated":true}]}}