{"id":17,"date":"2016-11-08T20:42:17","date_gmt":"2016-11-08T19:42:17","guid":{"rendered":"http:\/\/www.weihnachtsbaum-schwarz.de\/cms\/?page_id=17"},"modified":"2019-11-18T21:30:31","modified_gmt":"2019-11-18T20:30:31","slug":"reissig","status":"publish","type":"page","link":"https:\/\/www.weihnachtsbaum-schwarz.de\/index.php\/reissig\/","title":{"rendered":"Reisig"},"content":{"rendered":"<p><a href=\"http:\/\/www.weihnachtsbaum-schwarz.de\/index.php\/reissig\/img_0098\/\" rel=\"attachment wp-att-60\"><img loading=\"lazy\" decoding=\"async\" class=\"alignnone size-full wp-image-60\" src=\"http:\/\/www.weihnachtsbaum-schwarz.de\/wp-content\/uploads\/2016\/11\/IMG_0098.jpg\" alt=\"img_0098\" width=\"3888\" height=\"2592\" srcset=\"https:\/\/www.weihnachtsbaum-schwarz.de\/wp-content\/uploads\/2016\/11\/IMG_0098.jpg 3888w, https:\/\/www.weihnachtsbaum-schwarz.de\/wp-content\/uploads\/2016\/11\/IMG_0098-300x200.jpg 300w, https:\/\/www.weihnachtsbaum-schwarz.de\/wp-content\/uploads\/2016\/11\/IMG_0098-768x512.jpg 768w, https:\/\/www.weihnachtsbaum-schwarz.de\/wp-content\/uploads\/2016\/11\/IMG_0098-1024x683.jpg 1024w, https:\/\/www.weihnachtsbaum-schwarz.de\/wp-content\/uploads\/2016\/11\/IMG_0098-665x443.jpg 665w, https:\/\/www.weihnachtsbaum-schwarz.de\/wp-content\/uploads\/2016\/11\/IMG_0098-390x260.jpg 390w\" sizes=\"auto, (max-width: 3888px) 100vw, 3888px\" \/><\/a><\/p>\n<p>An unseren Reisigst\u00e4nden in Alfdorf in der Oberen Schlo\u00dfstra\u00dfe und in Bruck an der Hauptstra\u00dfe bieten wir frisches Reisig zur Selbstbedienung an.<\/p>\n<p>Zu Allerheiligen gibt es dort Reisig zur Grababdeckung und f\u00fcr den Garten. F\u00fcr die Adventszeit bieten wir Zierreisig zur Dekoration und zum Adventskranzbinden. Die einzelnen B\u00fcndel werden von uns gewogen und dementsprechend mit Preisen versehen. Die Bezahlung erfolgt \u00fcber ein K\u00e4sschen am Stand.<\/p>\n<p>Bei Bedarf an gr\u00f6\u00dferen Mengen nehmen Sie auch gerne Kontakt mit uns auf.<\/p>\n<p>Tel. 07172\/401035<\/p>\n","protected":false},"excerpt":{"rendered":"<p>An unseren Reisigst\u00e4nden in Alfdorf in der Oberen Schlo\u00dfstra\u00dfe und in Bruck an der Hauptstra\u00dfe bieten wir frisches Reisig zur Selbstbedienung an. Zu Allerheiligen gibt es dort Reisig zur Grababdeckung und f\u00fcr den Garten. F\u00fcr die Adventszeit bieten wir Zierreisig zur Dekoration und zum Adventskranzbinden. Die einzelnen B\u00fcndel werden von uns gewogen und dementsprechend mit [&hellip;]<\/p>\n","protected":false},"author":1,"featured_media":0,"parent":0,"menu_order":0,"comment_status":"closed","ping_status":"closed","template":"","meta":{"_crdt_document":"","footnotes":""},"class_list":["post-17","page","type-page","status-publish","hentry"],"_links":{"self":[{"href":"https:\/\/www.weihnachtsbaum-schwarz.de\/index.php\/wp-json\/wp\/v2\/pages\/17","targetHints":{"allow":["GET"]}}],"collection":[{"href":"https:\/\/www.weihnachtsbaum-schwarz.de\/index.php\/wp-json\/wp\/v2\/pages"}],"about":[{"href":"https:\/\/www.weihnachtsbaum-schwarz.de\/index.php\/wp-json\/wp\/v2\/types\/page"}],"author":[{"embeddable":true,"href":"https:\/\/www.weihnachtsbaum-schwarz.de\/index.php\/wp-json\/wp\/v2\/users\/1"}],"replies":[{"embeddable":true,"href":"https:\/\/www.weihnachtsbaum-schwarz.de\/index.php\/wp-json\/wp\/v2\/comments?post=17"}],"version-history":[{"count":5,"href":"https:\/\/www.weihnachtsbaum-schwarz.de\/index.php\/wp-json\/wp\/v2\/pages\/17\/revisions"}],"predecessor-version":[{"id":133,"href":"https:\/\/www.weihnachtsbaum-schwarz.de\/index.php\/wp-json\/wp\/v2\/pages\/17\/revisions\/133"}],"wp:attachment":[{"href":"https:\/\/www.weihnachtsbaum-schwarz.de\/index.php\/wp-json\/wp\/v2\/media?parent=17"}],"curies":[{"name":"wp","href":"https:\/\/api.w.org\/{rel}","templated":true}]}}