{"id":14,"date":"2016-11-08T20:40:14","date_gmt":"2016-11-08T19:40:14","guid":{"rendered":"http:\/\/www.weihnachtsbaum-schwarz.de\/cms\/?page_id=14"},"modified":"2024-11-11T16:45:28","modified_gmt":"2024-11-11T15:45:28","slug":"weihnachtsbaeume","status":"publish","type":"page","link":"https:\/\/www.weihnachtsbaum-schwarz.de\/index.php\/weihnachtsbaeume\/","title":{"rendered":"Weihnachtsb\u00e4ume"},"content":{"rendered":"<p style=\"text-align: center;\">In unseren Weihnachtsbaumkulturen pflanzen wir zu 90% Nordmanntannen an. Die restlichen 10% bestehen aus Blaufichten und anderen Tannenarten wir z.B. Nobilis, Kork- oder Koreatannen. Die kleinen Pfl\u00e4nzchen werden mit ca. 3 Jahren in unsere Kulturen gepflanzt und brauchen dann besonders viel Pflege. Sie m\u00fcssen regelm\u00e4\u00dfig von Gras und Unkraut befreit und nat\u00fcrlich auch mit N\u00e4hrstoffen versorgt werden.<\/p>\n<p style=\"text-align: center;\">Die Kulturen m\u00fcssen alle mit einem Zaun gegen den Wildverbiss gesch\u00fctzt werden. Besonders im Winter wird der Geschmack der Tannennadeln von den hungrigen Rehen sehr gesch\u00e4tzt.<\/p>\n<p><img loading=\"lazy\" decoding=\"async\" class=\"aligncenter wp-image-15 size-full\" src=\"http:\/\/www.weihnachtsbaum-schwarz.de\/wp-content\/uploads\/2016\/11\/IMG_7801-12.jpg\" alt=\"img_7801-12\" width=\"400\" height=\"266\" srcset=\"https:\/\/www.weihnachtsbaum-schwarz.de\/wp-content\/uploads\/2016\/11\/IMG_7801-12.jpg 400w, https:\/\/www.weihnachtsbaum-schwarz.de\/wp-content\/uploads\/2016\/11\/IMG_7801-12-300x200.jpg 300w\" sizes=\"auto, (max-width: 400px) 100vw, 400px\" \/><\/p>\n","protected":false},"excerpt":{"rendered":"<p>In unseren Weihnachtsbaumkulturen pflanzen wir zu 90% Nordmanntannen an. Die restlichen 10% bestehen aus Blaufichten und anderen Tannenarten wir z.B. Nobilis, Kork- oder Koreatannen. Die kleinen Pfl\u00e4nzchen werden mit ca. 3 Jahren in unsere Kulturen gepflanzt und brauchen dann besonders viel Pflege. Sie m\u00fcssen regelm\u00e4\u00dfig von Gras und Unkraut befreit und nat\u00fcrlich auch mit N\u00e4hrstoffen [&hellip;]<\/p>\n","protected":false},"author":1,"featured_media":0,"parent":0,"menu_order":0,"comment_status":"closed","ping_status":"closed","template":"","meta":{"_crdt_document":"","footnotes":""},"class_list":["post-14","page","type-page","status-publish","hentry"],"_links":{"self":[{"href":"https:\/\/www.weihnachtsbaum-schwarz.de\/index.php\/wp-json\/wp\/v2\/pages\/14","targetHints":{"allow":["GET"]}}],"collection":[{"href":"https:\/\/www.weihnachtsbaum-schwarz.de\/index.php\/wp-json\/wp\/v2\/pages"}],"about":[{"href":"https:\/\/www.weihnachtsbaum-schwarz.de\/index.php\/wp-json\/wp\/v2\/types\/page"}],"author":[{"embeddable":true,"href":"https:\/\/www.weihnachtsbaum-schwarz.de\/index.php\/wp-json\/wp\/v2\/users\/1"}],"replies":[{"embeddable":true,"href":"https:\/\/www.weihnachtsbaum-schwarz.de\/index.php\/wp-json\/wp\/v2\/comments?post=14"}],"version-history":[{"count":2,"href":"https:\/\/www.weihnachtsbaum-schwarz.de\/index.php\/wp-json\/wp\/v2\/pages\/14\/revisions"}],"predecessor-version":[{"id":242,"href":"https:\/\/www.weihnachtsbaum-schwarz.de\/index.php\/wp-json\/wp\/v2\/pages\/14\/revisions\/242"}],"wp:attachment":[{"href":"https:\/\/www.weihnachtsbaum-schwarz.de\/index.php\/wp-json\/wp\/v2\/media?parent=14"}],"curies":[{"name":"wp","href":"https:\/\/api.w.org\/{rel}","templated":true}]}}